{"id":7103,"date":"2019-10-30T15:41:02","date_gmt":"2019-10-30T14:41:02","guid":{"rendered":"https:\/\/helvetdigital.ch\/?page_id=7103"},"modified":"2024-03-04T22:51:05","modified_gmt":"2024-03-04T21:51:05","slug":"clause-de-non-responsabilite-disclaimer","status":"publish","type":"page","link":"https:\/\/helvetdigital.ch\/en\/endorsements\/disclaimer\/","title":{"rendered":"Disclaimer"},"content":{"rendered":"<section class=\"l-section wpb_row height_medium\"><div class=\"l-section-h i-cf\"><div class=\"g-cols vc_row via_flex valign_top type_default stacking_default\"><div class=\"vc_col-sm-12 wpb_column vc_column_container\"><div class=\"vc_column-inner\"><div class=\"wpb_wrapper\"><div class=\"wpb_text_column\"><div class=\"wpb_wrapper\"><h1 style=\"text-align: center;\">Disclaimer<\/h1>\n<\/div><\/div><div class=\"w-tabs style_default switch_click accordion has_scrolling\" style=\"--sections-title-size:inherit\"><div class=\"w-tabs-sections titles-align_none icon_chevron cpos_right\"><div class=\"w-tabs-section\" id=\"c33d\"><button class=\"w-tabs-section-header\" aria-controls=\"content-c33d\" aria-expanded=\"false\"><div class=\"w-tabs-section-title\">A - No guarantee of completeness and accuracy<\/div><div class=\"w-tabs-section-control\"><\/div><\/button><div  class=\"w-tabs-section-content\" id=\"content-c33d\"><div class=\"w-tabs-section-content-h i-cf\"><div class=\"wpb_text_column\"><div class=\"wpb_wrapper\"><p>1 - The information published on the websites is provided by HelvetDigital exclusively for personal use and for information purposes. This information may be changed at any time without prior notice. HelvetDigital does not guarantee (explicitly or implicitly) that the information published on its websites is correct, complete and up-to-date, even if the necessary precautions have been taken when collecting it from sources considered reliable.<\/p>\n<\/div><\/div><\/div><\/div><\/div><div class=\"w-tabs-section\" id=\"v744\"><button class=\"w-tabs-section-header\" aria-controls=\"content-v744\" aria-expanded=\"false\"><div class=\"w-tabs-section-title\">B - Limitations of liability<\/div><div class=\"w-tabs-section-control\"><\/div><\/button><div  class=\"w-tabs-section-content\" id=\"content-v744\"><div class=\"w-tabs-section-content-h i-cf\"><div class=\"wpb_text_column\"><div class=\"wpb_wrapper\"><p>1 - HelvetDigital disclaims all liability for loss or damage of any kind, whether direct, indirect or consequential, arising from the use of or access to HelvetDigital websites or from links to third party websites. HelvetDigital does not guarantee that all parts of the HelvetDigital website will function flawlessly. Furthermore, HelvetDigital accepts no responsibility for the manipulation of an Internet user's computer system by unauthorized third parties.<\/p>\n<p>2 - HelvetDigital expressly draws attention to the risk of viruses and the possibility of targeted attacks by hackers. To combat viruses, we recommend using the latest versions of browsers and installing continuously updated antivirus software. The opening of e-mails from unknown sources and unexpected attachments in e-mails should generally be avoided.<\/p>\n<p>3 - Any other claims by the client, on whatever legal grounds, are excluded. HelvetDigital is therefore not liable for damage that has not occurred to the delivered product. This also applies to the personal liability of employees, representatives and vicarious agents. The installation and use of spare parts and accessories is expressly at the risk of the client. The installation of spare parts and accessories may damage or destroy the customer's product (e.g. cell phone) and invalidate the manufacturer's warranty. HelvetDigital is not liable for such damage, its direct or indirect consequences, or for loss of warranty. In particular, HelvetDigital is not liable for the client's loss of profit or other financial losses,<\/p>\n<p>4 - HelvetDigital has no influence if items are withdrawn from the program by their suppliers and are therefore no longer available or if their type, design or price has changed. If HelvetDigital offers a replacement item from the supplier at the same price, HelvetDigital will inform the customers. Claims for damages for items that are no longer available cannot be asserted against us. HelvetDigital reserves the right to change the prices of individual items.<\/p>\n<p>5 - The general terms and conditions (GTC) are an integral part of the purchase of a repair service via this HelvetDigital platform. The seller is HelvetDigital. The general terms and conditions apply to all our sales contracts, deliveries and services. By ordering products and services from our assortment, the terms and conditions are considered accepted. If any provision of these Terms and Conditions should, for any reason, be invalidated, the validity of the remaining provisions shall remain unaffected. All services and products provided by HelvetDigital for the client are produced exclusively on the basis of the following terms and conditions. Deviating rules are only valid if they are between HelvetDigital.<\/p>\n<\/div><\/div><\/div><\/div><\/div><div class=\"w-tabs-section\" id=\"padf\"><button class=\"w-tabs-section-header\" aria-controls=\"content-padf\" aria-expanded=\"false\"><div class=\"w-tabs-section-title\">C - Use of the HelvetDigital websites<\/div><div class=\"w-tabs-section-control\"><\/div><\/button><div  class=\"w-tabs-section-content\" id=\"content-padf\"><div class=\"w-tabs-section-content-h i-cf\"><div class=\"wpb_text_column\"><div class=\"wpb_wrapper\"><p>1 - The entire content (design, text, graphics, etc.) of the HelvetDigital websites is protected by copyright. The individual elements of the websites belong exclusively to the operator of the HelvetDigital websites. The storage or printing of individual items and\/or parts of the HelvetDigital websites is only permitted if the complete source is stated. With regard to the storage or other copying of software and other data on the HelvetDigital websites, the respective user agreements are accepted. All property rights are owned by HelvetDigital. The reproduction (in whole or in part), transmission (electronically or by other means), modification, linking or use of the HelvetDigital websites is only permitted with the express written consent of HelvetDigital.<br \/>\nThe use of tools that systematically and automatically call up, index and\/or transmit the contents of HelvetDigital websites (e.g. spider, crawler and other automated tools) is expressly prohibited. HelvetDigital expressly reserves the right to take legal action against those responsible, in particular to claim damages.<\/p>\n<p>2 - All foreign logos, images and graphics displayed are the property of their respective companies and are subject to the copyright of their respective licensors. All pictures, logos, texts, reports, scripts and programming routines presented on these pages, which are our own developments or have been prepared by us, may not be copied or used in any other way without our consent. All rights reserved.<\/p>\n<\/div><\/div><\/div><\/div><\/div><div class=\"w-tabs-section\" id=\"ne0a\"><button class=\"w-tabs-section-header\" aria-controls=\"content-ne0a\" aria-expanded=\"false\"><div class=\"w-tabs-section-title\">D - Related websites (links)<\/div><div class=\"w-tabs-section-control\"><\/div><\/button><div  class=\"w-tabs-section-content\" id=\"content-ne0a\"><div class=\"w-tabs-section-content-h i-cf\"><div class=\"wpb_text_column\"><div class=\"wpb_wrapper\"><p>1 - Some links on the HelvetDigital websites lead to third-party websites. HelvetDigital has no influence on the content of these websites. HelvetDigital therefore accepts no responsibility for the accuracy, completeness or legality of the content of these websites, nor for any offers or services provided on these websites.<\/p>\n<\/div><\/div><\/div><\/div><\/div><div class=\"w-tabs-section\" id=\"l181\"><button class=\"w-tabs-section-header\" aria-controls=\"content-l181\" aria-expanded=\"false\"><div class=\"w-tabs-section-title\">E - Competence<\/div><div class=\"w-tabs-section-control\"><\/div><\/button><div  class=\"w-tabs-section-content\" id=\"content-l181\"><div class=\"w-tabs-section-content-h i-cf\"><div class=\"wpb_text_column\"><div class=\"wpb_wrapper\"><p>1 - All legal relationships and contracts are subject to Swiss law. The place of jurisdiction and the registered office of the corresponding company HelvetDigital (see Imprint - The company)<\/p>\n<p>2 - Reservation of ownership<\/p>\n<p>3 - The products supplied by HelvetDigital remain the property of HelvetDigital until HelvetDigital has received the full purchase price in accordance with the contract and the products have been sent to the client.<\/p>\n<\/div><\/div><\/div><\/div><\/div><\/div><\/div><\/div><\/div><\/div><\/div><\/div><\/section>","protected":false},"excerpt":{"rendered":"Clause de non-responsabilit\u00e9 (disclaimer) A &#8211; Aucune garantie quant \u00e0 l&rsquo;int\u00e9gralit\u00e9 et \u00e0 l&rsquo;exactitude1 &#8211; Les informations publi\u00e9es sur les sites Internet sont exclusivement fournies par HelvetDigital pour un usage personnel et \u00e0 des fins informatives. Ces informations peuvent \u00eatre modifi\u00e9es \u00e0 tout moment sans avertissement pr\u00e9alable. HelvetDigital ne donne aucune garantie (explicite ou implicite)...","protected":false},"author":1,"featured_media":0,"parent":5844,"menu_order":0,"comment_status":"closed","ping_status":"closed","template":"","meta":{"footnotes":""},"class_list":["post-7103","page","type-page","status-publish","hentry"],"yoast_head":"<!-- This site is optimized with the Yoast SEO plugin v27.1.1 - https:\/\/yoast.com\/product\/yoast-seo-wordpress\/ -->\n<title>Clause de non-responsabilit\u00e9 (disclaimer) - HELVETDIGITAL<\/title>\n<meta name=\"robots\" content=\"noindex, nofollow\" \/>\n<meta property=\"og:locale\" content=\"en_US\" \/>\n<meta property=\"og:type\" content=\"article\" \/>\n<meta property=\"og:title\" content=\"Clause de non-responsabilit\u00e9 (disclaimer) - HELVETDIGITAL\" \/>\n<meta property=\"og:url\" content=\"https:\/\/helvetdigital.ch\/en\/endorsements\/disclaimer\/\" \/>\n<meta property=\"og:site_name\" content=\"HELVETDIGITAL\" \/>\n<meta property=\"article:publisher\" content=\"https:\/\/www.facebook.com\/HELVETDIGITAL\" \/>\n<meta property=\"article:modified_time\" content=\"2024-03-04T21:51:05+00:00\" \/>\n<meta name=\"twitter:card\" content=\"summary_large_image\" \/>\n<meta name=\"twitter:label1\" content=\"Est. reading time\" \/>\n\t<meta name=\"twitter:data1\" content=\"5 minutes\" \/>\n<script type=\"application\/ld+json\" class=\"yoast-schema-graph\">{\"@context\":\"https:\/\/schema.org\",\"@graph\":[{\"@type\":\"WebPage\",\"@id\":\"https:\/\/helvetdigital.ch\/en\/endorsements\/disclaimer\/\",\"url\":\"https:\/\/helvetdigital.ch\/en\/endorsements\/disclaimer\/\",\"name\":\"Clause de non-responsabilit\u00e9 (disclaimer) - HELVETDIGITAL\",\"isPartOf\":{\"@id\":\"https:\/\/helvetdigital.ch\/fr\/#website\"},\"datePublished\":\"2019-10-30T14:41:02+00:00\",\"dateModified\":\"2024-03-04T21:51:05+00:00\",\"breadcrumb\":{\"@id\":\"https:\/\/helvetdigital.ch\/en\/endorsements\/disclaimer\/#breadcrumb\"},\"inLanguage\":\"en-US\",\"potentialAction\":[{\"@type\":\"ReadAction\",\"target\":[\"https:\/\/helvetdigital.ch\/en\/endorsements\/disclaimer\/\"]}]},{\"@type\":\"BreadcrumbList\",\"@id\":\"https:\/\/helvetdigital.ch\/en\/endorsements\/disclaimer\/#breadcrumb\",\"itemListElement\":[{\"@type\":\"ListItem\",\"position\":1,\"name\":\"Accueil\",\"item\":\"https:\/\/helvetdigital.ch\/\"},{\"@type\":\"ListItem\",\"position\":2,\"name\":\"Mentions l\u00e9gales\",\"item\":\"https:\/\/helvetdigital.ch\/en\/endorsements\/\"},{\"@type\":\"ListItem\",\"position\":3,\"name\":\"Clause de non-responsabilit\u00e9 (disclaimer)\"}]},{\"@type\":\"WebSite\",\"@id\":\"https:\/\/helvetdigital.ch\/fr\/#website\",\"url\":\"https:\/\/helvetdigital.ch\/fr\/\",\"name\":\"HELVETDIGITAL\",\"description\":\"Une image claire de l&#039;avenir\",\"publisher\":{\"@id\":\"https:\/\/helvetdigital.ch\/fr\/#organization\"},\"potentialAction\":[{\"@type\":\"SearchAction\",\"target\":{\"@type\":\"EntryPoint\",\"urlTemplate\":\"https:\/\/helvetdigital.ch\/fr\/?s={search_term_string}\"},\"query-input\":{\"@type\":\"PropertyValueSpecification\",\"valueRequired\":true,\"valueName\":\"search_term_string\"}}],\"inLanguage\":\"en-US\"},{\"@type\":\"Organization\",\"@id\":\"https:\/\/helvetdigital.ch\/fr\/#organization\",\"name\":\"HELVETDIGITAL\",\"url\":\"https:\/\/helvetdigital.ch\/fr\/\",\"logo\":{\"@type\":\"ImageObject\",\"inLanguage\":\"en-US\",\"@id\":\"https:\/\/helvetdigital.ch\/fr\/#\/schema\/logo\/image\/\",\"url\":\"https:\/\/helvetdigital.ch\/wp-content\/uploads\/2022\/03\/HD-LOGO-OEM-sans-fond-2.png\",\"contentUrl\":\"https:\/\/helvetdigital.ch\/wp-content\/uploads\/2022\/03\/HD-LOGO-OEM-sans-fond-2.png\",\"width\":800,\"height\":721,\"caption\":\"HELVETDIGITAL\"},\"image\":{\"@id\":\"https:\/\/helvetdigital.ch\/fr\/#\/schema\/logo\/image\/\"},\"sameAs\":[\"https:\/\/www.facebook.com\/HELVETDIGITAL\",\"https:\/\/www.instagram.com\/helvetdigital\/\"]}]}<\/script>\n<!-- \/ Yoast SEO plugin. -->","yoast_head_json":{"title":"Disclaimer - HELVETDIGITAL","robots":{"index":"noindex","follow":"nofollow"},"og_locale":"en_US","og_type":"article","og_title":"Clause de non-responsabilit\u00e9 (disclaimer) - HELVETDIGITAL","og_url":"https:\/\/helvetdigital.ch\/en\/endorsements\/disclaimer\/","og_site_name":"HELVETDIGITAL","article_publisher":"https:\/\/www.facebook.com\/HELVETDIGITAL","article_modified_time":"2024-03-04T21:51:05+00:00","twitter_card":"summary_large_image","twitter_misc":{"Est. reading time":"5 minutes"},"schema":{"@context":"https:\/\/schema.org","@graph":[{"@type":"WebPage","@id":"https:\/\/helvetdigital.ch\/en\/endorsements\/disclaimer\/","url":"https:\/\/helvetdigital.ch\/en\/endorsements\/disclaimer\/","name":"Disclaimer - HELVETDIGITAL","isPartOf":{"@id":"https:\/\/helvetdigital.ch\/fr\/#website"},"datePublished":"2019-10-30T14:41:02+00:00","dateModified":"2024-03-04T21:51:05+00:00","breadcrumb":{"@id":"https:\/\/helvetdigital.ch\/en\/endorsements\/disclaimer\/#breadcrumb"},"inLanguage":"en-US","potentialAction":[{"@type":"ReadAction","target":["https:\/\/helvetdigital.ch\/en\/endorsements\/disclaimer\/"]}]},{"@type":"BreadcrumbList","@id":"https:\/\/helvetdigital.ch\/en\/endorsements\/disclaimer\/#breadcrumb","itemListElement":[{"@type":"ListItem","position":1,"name":"Accueil","item":"https:\/\/helvetdigital.ch\/"},{"@type":"ListItem","position":2,"name":"Mentions l\u00e9gales","item":"https:\/\/helvetdigital.ch\/en\/endorsements\/"},{"@type":"ListItem","position":3,"name":"Clause de non-responsabilit\u00e9 (disclaimer)"}]},{"@type":"WebSite","@id":"https:\/\/helvetdigital.ch\/fr\/#website","url":"https:\/\/helvetdigital.ch\/fr\/","name":"HELVETDIGITAL","description":"A clear picture of the future","publisher":{"@id":"https:\/\/helvetdigital.ch\/fr\/#organization"},"potentialAction":[{"@type":"SearchAction","target":{"@type":"EntryPoint","urlTemplate":"https:\/\/helvetdigital.ch\/fr\/?s={search_term_string}"},"query-input":{"@type":"PropertyValueSpecification","valueRequired":true,"valueName":"search_term_string"}}],"inLanguage":"en-US"},{"@type":"Organization","@id":"https:\/\/helvetdigital.ch\/fr\/#organization","name":"HELVETDIGITAL","url":"https:\/\/helvetdigital.ch\/fr\/","logo":{"@type":"ImageObject","inLanguage":"en-US","@id":"https:\/\/helvetdigital.ch\/fr\/#\/schema\/logo\/image\/","url":"https:\/\/helvetdigital.ch\/wp-content\/uploads\/2022\/03\/HD-LOGO-OEM-sans-fond-2.png","contentUrl":"https:\/\/helvetdigital.ch\/wp-content\/uploads\/2022\/03\/HD-LOGO-OEM-sans-fond-2.png","width":800,"height":721,"caption":"HELVETDIGITAL"},"image":{"@id":"https:\/\/helvetdigital.ch\/fr\/#\/schema\/logo\/image\/"},"sameAs":["https:\/\/www.facebook.com\/HELVETDIGITAL","https:\/\/www.instagram.com\/helvetdigital\/"]}]}},"_links":{"self":[{"href":"https:\/\/helvetdigital.ch\/en\/wp-json\/wp\/v2\/pages\/7103","targetHints":{"allow":["GET"]}}],"collection":[{"href":"https:\/\/helvetdigital.ch\/en\/wp-json\/wp\/v2\/pages"}],"about":[{"href":"https:\/\/helvetdigital.ch\/en\/wp-json\/wp\/v2\/types\/page"}],"author":[{"embeddable":true,"href":"https:\/\/helvetdigital.ch\/en\/wp-json\/wp\/v2\/users\/1"}],"replies":[{"embeddable":true,"href":"https:\/\/helvetdigital.ch\/en\/wp-json\/wp\/v2\/comments?post=7103"}],"version-history":[{"count":13,"href":"https:\/\/helvetdigital.ch\/en\/wp-json\/wp\/v2\/pages\/7103\/revisions"}],"predecessor-version":[{"id":7329,"href":"https:\/\/helvetdigital.ch\/en\/wp-json\/wp\/v2\/pages\/7103\/revisions\/7329"}],"up":[{"embeddable":true,"href":"https:\/\/helvetdigital.ch\/en\/wp-json\/wp\/v2\/pages\/5844"}],"wp:attachment":[{"href":"https:\/\/helvetdigital.ch\/en\/wp-json\/wp\/v2\/media?parent=7103"}],"curies":[{"name":"wp","href":"https:\/\/api.w.org\/{rel}","templated":true}]}}