{"id":7110,"date":"2019-10-30T15:56:57","date_gmt":"2019-10-30T14:56:57","guid":{"rendered":"https:\/\/helvetdigital.ch\/?page_id=7110"},"modified":"2023-06-18T23:36:29","modified_gmt":"2023-06-18T21:36:29","slug":"conditions-juridiques","status":"publish","type":"page","link":"https:\/\/helvetdigital.ch\/en\/endorsements\/legal-conditions\/","title":{"rendered":"Legal requirements"},"content":{"rendered":"<section class=\"l-section wpb_row height_medium\"><div class=\"l-section-h i-cf\"><div class=\"g-cols vc_row via_flex valign_top type_default stacking_default\"><div class=\"vc_col-sm-12 wpb_column vc_column_container\"><div class=\"vc_column-inner\"><div class=\"wpb_wrapper\"><div class=\"wpb_text_column\"><div class=\"wpb_wrapper\"><h1 style=\"text-align: center;\">Fraud - Deception - Swindling<\/h1>\n<\/div><\/div><div class=\"w-tabs style_default switch_click accordion has_scrolling\" style=\"--sections-title-size:inherit\"><div class=\"w-tabs-sections titles-align_none icon_chevron cpos_right\"><div class=\"w-tabs-section\" id=\"c03f\"><button class=\"w-tabs-section-header\" aria-controls=\"content-c03f\" aria-expanded=\"false\"><div class=\"w-tabs-section-title\">A - Lies and innuendo<\/div><div class=\"w-tabs-section-control\"><\/div><\/button><div  class=\"w-tabs-section-content\" id=\"content-c03f\"><div class=\"w-tabs-section-content-h i-cf\"><div class=\"wpb_text_column\"><div class=\"wpb_wrapper\"><p><span id=\"p268\">1 -\u00a0<span id=\"270\">At<\/span>\u00a0If the customer lies for his personal or impersonal interests in any way to one or more employees of the company HelvetDigital, which can cause the company to lose moral or financial values, if after an internal investigation is issued according to the conditions put in force by the company HelvetDigital belonging to the group of the HelvetCompany<\/span><span id=\"p269\">\u00a0If material or immaterial evidence can be provided, the client can expose himself to heavy consequences followed by criminal proceedings which will be transmitted to the competent authorities.<\/span><span id=\"p259\">\u00a0 \u00a0<\/span><\/p>\n<p><span id=\"p340\">2 -\u00a0<span id=\"344\">All<\/span> Any implication or claim on the part of the customer of a service or the existence of a guarantee which we have never mentioned in any way without valid proof is totally excluded.<\/span><span id=\"p341\"> The only valid conditions can be found on the legal notice platform which can be consulted at the following address <a href=\"https:\/\/helvetdigital.ch\/en\/endorsements\/\">https:\/\/helvetdigital.ch\/mentions-legales\/<\/a>.<\/span><\/p>\n<\/div><\/div><\/div><\/div><\/div><\/div><\/div><\/div><\/div><\/div><\/div><\/div><\/section><section class=\"l-section wpb_row height_medium\"><div class=\"l-section-h i-cf\"><div class=\"g-cols vc_row via_flex valign_top type_default stacking_default\"><div class=\"vc_col-sm-12 wpb_column vc_column_container\"><div class=\"vc_column-inner\"><div class=\"wpb_wrapper\"><div class=\"wpb_text_column\"><div class=\"wpb_wrapper\"><h1 style=\"text-align: center;\">Flight<\/h1>\n<\/div><\/div><\/div><\/div><\/div><\/div><\/div><\/section>","protected":false},"excerpt":{"rendered":"Fraude &#8211; Tromperie &#8211; Escroquerie A &#8211; Mensonge et sous-entendu1 &#8211;\u00a0Au\u00a0cas o\u00f9 le client venait \u00e0 mentir\u00a0pour ses int\u00e9r\u00eats personnels ou impersonnels d&rsquo;une quelconque mani\u00e8re \u00e0 un\/des collaborateurs de l&rsquo;entreprise HelvetDigital qui peuvent faire perdre des valeurs morales ou financi\u00e8res \u00e0 l&rsquo;entreprise, Si apr\u00e8s une enqu\u00eate interne est \u00e9mise selon les conditions mis en vigueur...","protected":false},"author":1,"featured_media":0,"parent":5844,"menu_order":0,"comment_status":"closed","ping_status":"closed","template":"","meta":{"footnotes":""},"class_list":["post-7110","page","type-page","status-publish","hentry"],"yoast_head":"<!-- This site is optimized with the Yoast SEO plugin v27.1.1 - https:\/\/yoast.com\/product\/yoast-seo-wordpress\/ -->\n<title>Conditions juridiques - HELVETDIGITAL<\/title>\n<meta name=\"robots\" content=\"noindex, follow\" \/>\n<meta property=\"og:locale\" content=\"en_US\" \/>\n<meta property=\"og:type\" content=\"article\" \/>\n<meta property=\"og:title\" content=\"Conditions juridiques - HELVETDIGITAL\" \/>\n<meta property=\"og:url\" content=\"https:\/\/helvetdigital.ch\/en\/endorsements\/legal-conditions\/\" \/>\n<meta property=\"og:site_name\" content=\"HELVETDIGITAL\" \/>\n<meta property=\"article:publisher\" content=\"https:\/\/www.facebook.com\/HELVETDIGITAL\" \/>\n<meta property=\"article:modified_time\" content=\"2023-06-18T21:36:29+00:00\" \/>\n<meta name=\"twitter:card\" content=\"summary_large_image\" \/>\n<meta name=\"twitter:label1\" content=\"Est. reading time\" \/>\n\t<meta name=\"twitter:data1\" content=\"10 minutes\" \/>\n<script type=\"application\/ld+json\" class=\"yoast-schema-graph\">{\"@context\":\"https:\/\/schema.org\",\"@graph\":[{\"@type\":\"WebPage\",\"@id\":\"https:\/\/helvetdigital.ch\/en\/endorsements\/legal-conditions\/\",\"url\":\"https:\/\/helvetdigital.ch\/en\/endorsements\/legal-conditions\/\",\"name\":\"Conditions juridiques - HELVETDIGITAL\",\"isPartOf\":{\"@id\":\"https:\/\/helvetdigital.ch\/fr\/#website\"},\"datePublished\":\"2019-10-30T14:56:57+00:00\",\"dateModified\":\"2023-06-18T21:36:29+00:00\",\"breadcrumb\":{\"@id\":\"https:\/\/helvetdigital.ch\/en\/endorsements\/legal-conditions\/#breadcrumb\"},\"inLanguage\":\"en-US\",\"potentialAction\":[{\"@type\":\"ReadAction\",\"target\":[\"https:\/\/helvetdigital.ch\/en\/endorsements\/legal-conditions\/\"]}]},{\"@type\":\"BreadcrumbList\",\"@id\":\"https:\/\/helvetdigital.ch\/en\/endorsements\/legal-conditions\/#breadcrumb\",\"itemListElement\":[{\"@type\":\"ListItem\",\"position\":1,\"name\":\"Accueil\",\"item\":\"https:\/\/helvetdigital.ch\/\"},{\"@type\":\"ListItem\",\"position\":2,\"name\":\"Mentions l\u00e9gales\",\"item\":\"https:\/\/helvetdigital.ch\/en\/endorsements\/\"},{\"@type\":\"ListItem\",\"position\":3,\"name\":\"Conditions juridiques\"}]},{\"@type\":\"WebSite\",\"@id\":\"https:\/\/helvetdigital.ch\/fr\/#website\",\"url\":\"https:\/\/helvetdigital.ch\/fr\/\",\"name\":\"HELVETDIGITAL\",\"description\":\"Une image claire de l&#039;avenir\",\"publisher\":{\"@id\":\"https:\/\/helvetdigital.ch\/fr\/#organization\"},\"potentialAction\":[{\"@type\":\"SearchAction\",\"target\":{\"@type\":\"EntryPoint\",\"urlTemplate\":\"https:\/\/helvetdigital.ch\/fr\/?s={search_term_string}\"},\"query-input\":{\"@type\":\"PropertyValueSpecification\",\"valueRequired\":true,\"valueName\":\"search_term_string\"}}],\"inLanguage\":\"en-US\"},{\"@type\":\"Organization\",\"@id\":\"https:\/\/helvetdigital.ch\/fr\/#organization\",\"name\":\"HELVETDIGITAL\",\"url\":\"https:\/\/helvetdigital.ch\/fr\/\",\"logo\":{\"@type\":\"ImageObject\",\"inLanguage\":\"en-US\",\"@id\":\"https:\/\/helvetdigital.ch\/fr\/#\/schema\/logo\/image\/\",\"url\":\"https:\/\/helvetdigital.ch\/wp-content\/uploads\/2022\/03\/HD-LOGO-OEM-sans-fond-2.png\",\"contentUrl\":\"https:\/\/helvetdigital.ch\/wp-content\/uploads\/2022\/03\/HD-LOGO-OEM-sans-fond-2.png\",\"width\":800,\"height\":721,\"caption\":\"HELVETDIGITAL\"},\"image\":{\"@id\":\"https:\/\/helvetdigital.ch\/fr\/#\/schema\/logo\/image\/\"},\"sameAs\":[\"https:\/\/www.facebook.com\/HELVETDIGITAL\",\"https:\/\/www.instagram.com\/helvetdigital\/\"]}]}<\/script>\n<!-- \/ Yoast SEO plugin. -->","yoast_head_json":{"title":"Legal conditions - HELVETDIGITAL","robots":{"index":"noindex","follow":"follow"},"og_locale":"en_US","og_type":"article","og_title":"Conditions juridiques - HELVETDIGITAL","og_url":"https:\/\/helvetdigital.ch\/en\/endorsements\/legal-conditions\/","og_site_name":"HELVETDIGITAL","article_publisher":"https:\/\/www.facebook.com\/HELVETDIGITAL","article_modified_time":"2023-06-18T21:36:29+00:00","twitter_card":"summary_large_image","twitter_misc":{"Est. reading time":"10 minutes"},"schema":{"@context":"https:\/\/schema.org","@graph":[{"@type":"WebPage","@id":"https:\/\/helvetdigital.ch\/en\/endorsements\/legal-conditions\/","url":"https:\/\/helvetdigital.ch\/en\/endorsements\/legal-conditions\/","name":"Legal conditions - HELVETDIGITAL","isPartOf":{"@id":"https:\/\/helvetdigital.ch\/fr\/#website"},"datePublished":"2019-10-30T14:56:57+00:00","dateModified":"2023-06-18T21:36:29+00:00","breadcrumb":{"@id":"https:\/\/helvetdigital.ch\/en\/endorsements\/legal-conditions\/#breadcrumb"},"inLanguage":"en-US","potentialAction":[{"@type":"ReadAction","target":["https:\/\/helvetdigital.ch\/en\/endorsements\/legal-conditions\/"]}]},{"@type":"BreadcrumbList","@id":"https:\/\/helvetdigital.ch\/en\/endorsements\/legal-conditions\/#breadcrumb","itemListElement":[{"@type":"ListItem","position":1,"name":"Accueil","item":"https:\/\/helvetdigital.ch\/"},{"@type":"ListItem","position":2,"name":"Mentions l\u00e9gales","item":"https:\/\/helvetdigital.ch\/en\/endorsements\/"},{"@type":"ListItem","position":3,"name":"Conditions juridiques"}]},{"@type":"WebSite","@id":"https:\/\/helvetdigital.ch\/fr\/#website","url":"https:\/\/helvetdigital.ch\/fr\/","name":"HELVETDIGITAL","description":"A clear picture of the future","publisher":{"@id":"https:\/\/helvetdigital.ch\/fr\/#organization"},"potentialAction":[{"@type":"SearchAction","target":{"@type":"EntryPoint","urlTemplate":"https:\/\/helvetdigital.ch\/fr\/?s={search_term_string}"},"query-input":{"@type":"PropertyValueSpecification","valueRequired":true,"valueName":"search_term_string"}}],"inLanguage":"en-US"},{"@type":"Organization","@id":"https:\/\/helvetdigital.ch\/fr\/#organization","name":"HELVETDIGITAL","url":"https:\/\/helvetdigital.ch\/fr\/","logo":{"@type":"ImageObject","inLanguage":"en-US","@id":"https:\/\/helvetdigital.ch\/fr\/#\/schema\/logo\/image\/","url":"https:\/\/helvetdigital.ch\/wp-content\/uploads\/2022\/03\/HD-LOGO-OEM-sans-fond-2.png","contentUrl":"https:\/\/helvetdigital.ch\/wp-content\/uploads\/2022\/03\/HD-LOGO-OEM-sans-fond-2.png","width":800,"height":721,"caption":"HELVETDIGITAL"},"image":{"@id":"https:\/\/helvetdigital.ch\/fr\/#\/schema\/logo\/image\/"},"sameAs":["https:\/\/www.facebook.com\/HELVETDIGITAL","https:\/\/www.instagram.com\/helvetdigital\/"]}]}},"_links":{"self":[{"href":"https:\/\/helvetdigital.ch\/en\/wp-json\/wp\/v2\/pages\/7110","targetHints":{"allow":["GET"]}}],"collection":[{"href":"https:\/\/helvetdigital.ch\/en\/wp-json\/wp\/v2\/pages"}],"about":[{"href":"https:\/\/helvetdigital.ch\/en\/wp-json\/wp\/v2\/types\/page"}],"author":[{"embeddable":true,"href":"https:\/\/helvetdigital.ch\/en\/wp-json\/wp\/v2\/users\/1"}],"replies":[{"embeddable":true,"href":"https:\/\/helvetdigital.ch\/en\/wp-json\/wp\/v2\/comments?post=7110"}],"version-history":[{"count":13,"href":"https:\/\/helvetdigital.ch\/en\/wp-json\/wp\/v2\/pages\/7110\/revisions"}],"predecessor-version":[{"id":7313,"href":"https:\/\/helvetdigital.ch\/en\/wp-json\/wp\/v2\/pages\/7110\/revisions\/7313"}],"up":[{"embeddable":true,"href":"https:\/\/helvetdigital.ch\/en\/wp-json\/wp\/v2\/pages\/5844"}],"wp:attachment":[{"href":"https:\/\/helvetdigital.ch\/en\/wp-json\/wp\/v2\/media?parent=7110"}],"curies":[{"name":"wp","href":"https:\/\/api.w.org\/{rel}","templated":true}]}}