{"id":5844,"date":"2016-09-23T01:58:43","date_gmt":"2016-09-22T23:58:43","guid":{"rendered":"http:\/\/helvetdigital.com\/?page_id=5844"},"modified":"2023-10-10T23:45:55","modified_gmt":"2023-10-10T21:45:55","slug":"mentions-legales","status":"publish","type":"page","link":"https:\/\/helvetdigital.ch\/fr\/mentions-legales\/","title":{"rendered":"Mentions l\u00e9gales"},"content":{"rendered":"<section class=\"l-section wpb_row height_medium color_secondary with_img parallax_ver\"><div class=\"l-section-img\" role=\"img\" aria-label=\"Image\" data-img-width=\"1920\" data-img-height=\"1200\" style=\"background-image: url(https:\/\/helvetdigital.ch\/wp-content\/uploads\/2016\/09\/pilatus-mountain-switzerland-1920x1200.jpg);\"><\/div><div class=\"l-section-overlay\" style=\"background:rgba(0,0,0,0.31)\"><\/div><div class=\"l-section-h i-cf\"><div class=\"g-cols vc_row via_flex valign_middle type_default stacking_default\"><div class=\"vc_col-sm-12 wpb_column vc_column_container\"><div class=\"vc_column-inner\"><div class=\"wpb_wrapper\"><h1 class=\"w-post-elm post_title us_custom_064d9100 align_center entry-title color_link_inherit\">Mentions l\u00e9gales<\/h1><nav class=\"g-breadcrumbs us_custom_ea2be81a separator_icon align_center\" itemscope itemtype=\"http:\/\/schema.org\/BreadcrumbList\"><div class=\"g-breadcrumbs-item\" itemscope itemprop=\"itemListElement\" itemtype=\"http:\/\/schema.org\/ListItem\"><a itemprop=\"item\" href=\"https:\/\/helvetdigital.ch\/fr\/\"><span itemprop=\"name\">Accueil<\/span><\/a><meta itemprop=\"position\" content=\"1\"\/><\/div><div class=\"g-breadcrumbs-separator\"><i class=\"material-icons\">chevron_right<\/i><\/div><div class=\"g-breadcrumbs-item\">Pages<\/div><\/nav><\/div><\/div><\/div><\/div><\/div><\/section><section class=\"l-section wpb_row height_medium\"><div class=\"l-section-h i-cf\"><div class=\"g-cols vc_row via_flex valign_top type_default stacking_default\"><div class=\"vc_col-sm-12 wpb_column vc_column_container\"><div class=\"vc_column-inner\"><div class=\"wpb_wrapper\"><div class=\"wpb_text_column\"><div class=\"wpb_wrapper\"><h1 style=\"text-align: center;\"><strong><span style=\"color: #ff0000;\">\/!\\Attention\/!\\<\/span><\/strong><br \/>\n<strong><span style=\"color: #ff0000;\">Les conditions sont actuellement en \u00e9criture. Toutes conditions d\u00e9j\u00e0 pr\u00e9sentes sont appliqu\u00e9es !<\/span><\/strong><\/h1>\n<h1 style=\"text-align: center;\"><strong><span style=\"color: #ff0000;\">La loi Suisse est \u00e9galement applicable.<\/span><\/strong><\/h1>\n<\/div><\/div><div class=\"wpb_text_column\"><div class=\"wpb_wrapper\"><h1 style=\"text-align: center;\">Questions fr\u00e9quente<\/h1>\n<\/div><\/div><div class=\"w-separator size_small with_line width_default thick_1 style_solid color_border align_center\"><div class=\"w-separator-h\"><\/div><\/div><\/div><\/div><\/div><div class=\"vc_col-sm-4 wpb_column vc_column_container\"><div class=\"vc_column-inner\"><div class=\"wpb_wrapper\"><div class=\"w-btn-wrapper align_justify\"><a class=\"w-btn us-btn-style_31 icon_atleft\" title=\"Prestations &amp; services\" href=\"https:\/\/helvetdigital.ch\/mentions-legales\/prestations-services\/\"><i class=\"fas fa-fas fa-tools\"><\/i><span class=\"w-btn-label\">Prestations &#038; services<\/span><\/a><\/div><div class=\"w-separator size_medium\"><\/div><div class=\"w-btn-wrapper align_justify\"><a class=\"w-btn us-btn-style_31 icon_atleft\" title=\"Paiement\" href=\"https:\/\/helvetdigital.ch\/mentions-legales\/paiement\/\"><i class=\"fas fa-far fa-credit-card\"><\/i><span class=\"w-btn-label\">Paiement<\/span><\/a><\/div><\/div><\/div><\/div><div class=\"vc_col-sm-4 wpb_column vc_column_container\"><div class=\"vc_column-inner\"><div class=\"wpb_wrapper\"><div class=\"w-btn-wrapper align_justify\"><a class=\"w-btn us-btn-style_31 icon_atleft\" title=\"Garantie &amp; retour\" href=\"https:\/\/helvetdigital.ch\/mentions-legales\/garantie-retour\/\"><i class=\"fas fa-fas fa-box-open\"><\/i><span class=\"w-btn-label\">Garantie &#038; retour<\/span><\/a><\/div><div class=\"w-separator size_medium\"><\/div><div class=\"w-btn-wrapper align_justify\"><a class=\"w-btn us-btn-style_31 icon_atleft\" title=\"Envoi &amp; enl\u00e8vement\" href=\"https:\/\/helvetdigital.ch\/mentions-legales\/envoi-enlevement\/\"><i class=\"fas fa-fas fa-shipping-fast\"><\/i><span class=\"w-btn-label\">Envoi &#038; enl\u00e8vement<\/span><\/a><\/div><\/div><\/div><\/div><div class=\"vc_col-sm-4 wpb_column vc_column_container\"><div class=\"vc_column-inner\"><div class=\"wpb_wrapper\"><div class=\"w-btn-wrapper align_justify\"><a class=\"w-btn us-btn-style_31 icon_atleft\" title=\"Clients priv\u00e9s\" href=\"https:\/\/helvetdigital.ch\/mentions-legales\/clients-prives\/\"><i class=\"fas fa-fas fa-user\"><\/i><span class=\"w-btn-label\">Clients priv\u00e9s<\/span><\/a><\/div><div class=\"w-separator size_medium\"><\/div><div class=\"w-btn-wrapper align_justify\"><a class=\"w-btn us-btn-style_31 icon_atleft\" title=\"Clients professionnels\" href=\"https:\/\/helvetdigital.ch\/mentions-legales\/clients-professionnels\/\"><i class=\"fas fa-fas fa-users\"><\/i><span class=\"w-btn-label\">Clients professionnels<\/span><\/a><\/div><\/div><\/div><\/div><\/div><\/div><\/section><section class=\"l-section wpb_row height_medium color_alternate\"><div class=\"l-section-overlay\" style=\"background:var(--color-header-middle-bg)\"><\/div><div class=\"l-section-h i-cf\"><div class=\"g-cols vc_row via_flex valign_top type_default stacking_default\"><div class=\"vc_col-sm-12 wpb_column vc_column_container\"><div class=\"vc_column-inner\"><div class=\"wpb_wrapper\"><div class=\"wpb_text_column\"><div class=\"wpb_wrapper\"><h1 style=\"text-align: center;\">L&rsquo;entreprise<\/h1>\n<\/div><\/div><div class=\"w-separator size_small with_line width_default thick_1 style_solid color_border align_center\"><div class=\"w-separator-h\"><\/div><\/div><\/div><\/div><\/div><div class=\"vc_col-sm-4 wpb_column vc_column_container\"><div class=\"vc_column-inner\"><div class=\"wpb_wrapper\"><div class=\"w-btn-wrapper align_justify\"><a class=\"w-btn us-btn-style_31 icon_atleft\" title=\"HelvetDigital\" href=\"https:\/\/helvetdigital.ch\/mentions-legales\/lentreprise-helvetdigital\/\"><i class=\"fas fa-fas fa-birthday-cake\"><\/i><span class=\"w-btn-label\">HelvetDigital<\/span><\/a><\/div><\/div><\/div><\/div><div class=\"vc_col-sm-4 wpb_column vc_column_container\"><div class=\"vc_column-inner\"><div class=\"wpb_wrapper\"><div class=\"w-btn-wrapper align_justify\"><a class=\"w-btn us-btn-style_31 icon_atleft\" title=\"Direction\" href=\"https:\/\/helvetdigital.ch\/mentions-legales\/direction-2\/\"><i class=\"fas fa-fas fa-pen-fancy\"><\/i><span class=\"w-btn-label\">Direction<\/span><\/a><\/div><\/div><\/div><\/div><div class=\"vc_col-sm-4 wpb_column vc_column_container\"><div class=\"vc_column-inner\"><div class=\"wpb_wrapper\"><div class=\"w-btn-wrapper align_justify\"><a class=\"w-btn us-btn-style_31 icon_atleft\" title=\"L&#039;\u00e9quipe\" href=\"https:\/\/helvetdigital.ch\/mentions-legales\/lequipe\/\"><i class=\"fas fa-fas fa-fist-raised\"><\/i><span class=\"w-btn-label\">L&rsquo;\u00e9quipe<\/span><\/a><\/div><\/div><\/div><\/div><\/div><\/div><\/section><!-- Row Backgrounds --><div class=\"upb_color\" data-bg-override=\"0\" data-bg-color=\"#eaefef\" data-fadeout=\"\" data-fadeout-percentage=\"30\" data-parallax-content=\"\" data-parallax-content-sense=\"30\" data-row-effect-mobile-disable=\"true\" data-img-parallax-mobile-disable=\"true\" data-rtl=\"false\"  data-custom-vc-row=\"\"  data-vc=\"8.7.2\"  data-is_old_vc=\"\"  data-theme-support=\"\"   data-overlay=\"false\" data-overlay-color=\"\" data-overlay-pattern=\"\" data-overlay-pattern-opacity=\"\" data-overlay-pattern-size=\"\"    ><\/div><section class=\"l-section wpb_row height_small\"><div class=\"l-section-h i-cf\"><div class=\"g-cols vc_row via_flex valign_top type_default stacking_default\"><div class=\"vc_col-sm-12 wpb_column vc_column_container\"><div class=\"vc_column-inner\"><div class=\"wpb_wrapper\"><div class=\"wpb_text_column\"><div class=\"wpb_wrapper\"><h1 style=\"text-align: center;\">Clause &amp; Conditions<\/h1>\n<\/div><\/div><div class=\"w-separator size_small with_line width_default thick_1 style_solid color_border align_center\"><div class=\"w-separator-h\"><\/div><\/div><\/div><\/div><\/div><div class=\"vc_col-sm-4 wpb_column vc_column_container\"><div class=\"vc_column-inner\"><div class=\"wpb_wrapper\"><div class=\"w-btn-wrapper align_justify\"><a class=\"w-btn us-btn-style_31 icon_atleft\" title=\"Conditions g\u00e9n\u00e9rales de vente\" href=\"https:\/\/helvetdigital.ch\/mentions-legales\/conditions-generales\/\"><i class=\"fas fa-fas fa-balance-scale-left\"><\/i><span class=\"w-btn-label\">Conditions g\u00e9n\u00e9rales de vente<\/span><\/a><\/div><\/div><\/div><\/div><div class=\"vc_col-sm-4 wpb_column vc_column_container\"><div class=\"vc_column-inner\"><div class=\"wpb_wrapper\"><div class=\"w-btn-wrapper align_justify\"><a class=\"w-btn us-btn-style_31 icon_atleft\" title=\"Clause de non-responsabilit\u00e9 (disclaimer)\" href=\"https:\/\/helvetdigital.ch\/mentions-legales\/clause-de-non-responsabilite-disclaimer\/\"><i class=\"fas fa-fas fa-balance-scale\"><\/i><span class=\"w-btn-label\">Clause de non-responsabilit\u00e9 (disclaimer)<\/span><\/a><\/div><div class=\"w-separator size_medium\"><\/div><div class=\"w-btn-wrapper align_center\"><a class=\"w-btn us-btn-style_31 icon_atleft\" title=\"Clause de non-responsabilit\u00c3\u00a9 (disclaimer)\" href=\"https:\/\/helvetdigital.ch\/fr\/mentions-legales\/declaration-de-protection-des-donnees\/\"><i class=\"fas fa-fas fa-fingerprint\"><\/i><span class=\"w-btn-label\">D\u00e9claration de protection des donn\u00e9es<\/span><\/a><\/div><\/div><\/div><\/div><div class=\"vc_col-sm-4 wpb_column vc_column_container\"><div class=\"vc_column-inner\"><div class=\"wpb_wrapper\"><div class=\"w-btn-wrapper align_justify\"><a class=\"w-btn us-btn-style_31 icon_atleft\" title=\"Conditions juridiques\" href=\"https:\/\/helvetdigital.ch\/mentions-legales\/conditions-juridiques\/\"><i class=\"fas fa-fas fa-balance-scale-right\"><\/i><span class=\"w-btn-label\">Conditions juridiques<\/span><\/a><\/div><\/div><\/div><\/div><\/div><\/div><\/section><section class=\"l-section wpb_row height_auto\"><div class=\"l-section-h i-cf\"><div class=\"g-cols vc_row via_flex valign_top type_default stacking_default\"><div class=\"vc_col-sm-12 wpb_column vc_column_container\"><div class=\"vc_column-inner\"><div class=\"wpb_wrapper\"><div class=\"w-separator size_small with_line width_default thick_1 style_solid color_border align_center\"><div class=\"w-separator-h\"><\/div><\/div><div class=\"wpb_text_column\"><div class=\"wpb_wrapper\"><p style=\"text-align: left;\">Version Beta &#8211; 7.0 &#8211; Derni\u00e8re Mise \u00e0 jour : Octobre 2023<\/p>\n<\/div><\/div><\/div><\/div><\/div><\/div><\/div><\/section>\n","protected":false},"excerpt":{"rendered":"Mentions l\u00e9galesAccueilchevron_rightPages\/!\\Attention\/!\\ Les conditions sont actuellement en \u00e9criture. Toutes conditions d\u00e9j\u00e0 pr\u00e9sentes sont appliqu\u00e9es ! La loi Suisse est \u00e9galement applicable. Questions fr\u00e9quente Prestations &#038; servicesPaiementGarantie &#038; retourEnvoi &#038; enl\u00e8vementClients priv\u00e9sClients professionnelsL&rsquo;entreprise HelvetDigitalDirectionL&rsquo;\u00e9quipeClause &amp; Conditions Conditions g\u00e9n\u00e9rales de venteClause de non-responsabilit\u00e9 (disclaimer)D\u00e9claration de protection des donn\u00e9esConditions juridiquesVersion Beta &#8211; 7.0 &#8211; Derni\u00e8re Mise \u00e0 jour...","protected":false},"author":1,"featured_media":0,"parent":0,"menu_order":0,"comment_status":"closed","ping_status":"closed","template":"","meta":{"footnotes":""},"class_list":["post-5844","page","type-page","status-publish","hentry"],"yoast_head":"<!-- This site is optimized with the Yoast SEO plugin v27.1.1 - https:\/\/yoast.com\/product\/yoast-seo-wordpress\/ -->\n<title>Mentions l\u00e9gales - HELVETDIGITAL<\/title>\n<meta name=\"robots\" content=\"noindex, follow\" \/>\n<meta property=\"og:locale\" content=\"fr_FR\" \/>\n<meta property=\"og:type\" content=\"article\" \/>\n<meta property=\"og:title\" content=\"Mentions l\u00e9gales - HELVETDIGITAL\" \/>\n<meta property=\"og:url\" content=\"https:\/\/helvetdigital.ch\/fr\/endorsements\/\" \/>\n<meta property=\"og:site_name\" content=\"HELVETDIGITAL\" \/>\n<meta property=\"article:publisher\" content=\"https:\/\/www.facebook.com\/HELVETDIGITAL\" \/>\n<meta property=\"article:modified_time\" content=\"2023-10-10T21:45:55+00:00\" \/>\n<meta name=\"twitter:card\" content=\"summary_large_image\" \/>\n<meta name=\"twitter:label1\" content=\"Dur\u00e9e de lecture estim\u00e9e\" \/>\n\t<meta name=\"twitter:data1\" content=\"1 minute\" \/>\n<script type=\"application\/ld+json\" class=\"yoast-schema-graph\">{\"@context\":\"https:\/\/schema.org\",\"@graph\":[{\"@type\":\"WebPage\",\"@id\":\"https:\/\/helvetdigital.ch\/en\/endorsements\/\",\"url\":\"https:\/\/helvetdigital.ch\/en\/endorsements\/\",\"name\":\"Mentions l\u00e9gales - HELVETDIGITAL\",\"isPartOf\":{\"@id\":\"https:\/\/helvetdigital.ch\/fr\/#website\"},\"datePublished\":\"2016-09-22T23:58:43+00:00\",\"dateModified\":\"2023-10-10T21:45:55+00:00\",\"breadcrumb\":{\"@id\":\"https:\/\/helvetdigital.ch\/en\/endorsements\/#breadcrumb\"},\"inLanguage\":\"fr-FR\",\"potentialAction\":[{\"@type\":\"ReadAction\",\"target\":[\"https:\/\/helvetdigital.ch\/en\/endorsements\/\"]}]},{\"@type\":\"BreadcrumbList\",\"@id\":\"https:\/\/helvetdigital.ch\/en\/endorsements\/#breadcrumb\",\"itemListElement\":[{\"@type\":\"ListItem\",\"position\":1,\"name\":\"Accueil\",\"item\":\"https:\/\/helvetdigital.ch\/\"},{\"@type\":\"ListItem\",\"position\":2,\"name\":\"Mentions l\u00e9gales\"}]},{\"@type\":\"WebSite\",\"@id\":\"https:\/\/helvetdigital.ch\/fr\/#website\",\"url\":\"https:\/\/helvetdigital.ch\/fr\/\",\"name\":\"HELVETDIGITAL\",\"description\":\"Une image claire de l&#039;avenir\",\"publisher\":{\"@id\":\"https:\/\/helvetdigital.ch\/fr\/#organization\"},\"potentialAction\":[{\"@type\":\"SearchAction\",\"target\":{\"@type\":\"EntryPoint\",\"urlTemplate\":\"https:\/\/helvetdigital.ch\/fr\/?s={search_term_string}\"},\"query-input\":{\"@type\":\"PropertyValueSpecification\",\"valueRequired\":true,\"valueName\":\"search_term_string\"}}],\"inLanguage\":\"fr-FR\"},{\"@type\":\"Organization\",\"@id\":\"https:\/\/helvetdigital.ch\/fr\/#organization\",\"name\":\"HELVETDIGITAL\",\"url\":\"https:\/\/helvetdigital.ch\/fr\/\",\"logo\":{\"@type\":\"ImageObject\",\"inLanguage\":\"fr-FR\",\"@id\":\"https:\/\/helvetdigital.ch\/fr\/#\/schema\/logo\/image\/\",\"url\":\"https:\/\/helvetdigital.ch\/wp-content\/uploads\/2022\/03\/HD-LOGO-OEM-sans-fond-2.png\",\"contentUrl\":\"https:\/\/helvetdigital.ch\/wp-content\/uploads\/2022\/03\/HD-LOGO-OEM-sans-fond-2.png\",\"width\":800,\"height\":721,\"caption\":\"HELVETDIGITAL\"},\"image\":{\"@id\":\"https:\/\/helvetdigital.ch\/fr\/#\/schema\/logo\/image\/\"},\"sameAs\":[\"https:\/\/www.facebook.com\/HELVETDIGITAL\",\"https:\/\/www.instagram.com\/helvetdigital\/\"]}]}<\/script>\n<!-- \/ Yoast SEO plugin. -->","yoast_head_json":{"title":"Mentions l\u00e9gales - HELVETDIGITAL","robots":{"index":"noindex","follow":"follow"},"og_locale":"fr_FR","og_type":"article","og_title":"Mentions l\u00e9gales - HELVETDIGITAL","og_url":"https:\/\/helvetdigital.ch\/fr\/endorsements\/","og_site_name":"HELVETDIGITAL","article_publisher":"https:\/\/www.facebook.com\/HELVETDIGITAL","article_modified_time":"2023-10-10T21:45:55+00:00","twitter_card":"summary_large_image","twitter_misc":{"Dur\u00e9e de lecture estim\u00e9e":"1 minute"},"schema":{"@context":"https:\/\/schema.org","@graph":[{"@type":"WebPage","@id":"https:\/\/helvetdigital.ch\/en\/endorsements\/","url":"https:\/\/helvetdigital.ch\/en\/endorsements\/","name":"Mentions l\u00e9gales - HELVETDIGITAL","isPartOf":{"@id":"https:\/\/helvetdigital.ch\/fr\/#website"},"datePublished":"2016-09-22T23:58:43+00:00","dateModified":"2023-10-10T21:45:55+00:00","breadcrumb":{"@id":"https:\/\/helvetdigital.ch\/en\/endorsements\/#breadcrumb"},"inLanguage":"fr-FR","potentialAction":[{"@type":"ReadAction","target":["https:\/\/helvetdigital.ch\/en\/endorsements\/"]}]},{"@type":"BreadcrumbList","@id":"https:\/\/helvetdigital.ch\/en\/endorsements\/#breadcrumb","itemListElement":[{"@type":"ListItem","position":1,"name":"Accueil","item":"https:\/\/helvetdigital.ch\/"},{"@type":"ListItem","position":2,"name":"Mentions l\u00e9gales"}]},{"@type":"WebSite","@id":"https:\/\/helvetdigital.ch\/fr\/#website","url":"https:\/\/helvetdigital.ch\/fr\/","name":"HELVETDIGITAL","description":"Une image claire de l&#039;avenir","publisher":{"@id":"https:\/\/helvetdigital.ch\/fr\/#organization"},"potentialAction":[{"@type":"SearchAction","target":{"@type":"EntryPoint","urlTemplate":"https:\/\/helvetdigital.ch\/fr\/?s={search_term_string}"},"query-input":{"@type":"PropertyValueSpecification","valueRequired":true,"valueName":"search_term_string"}}],"inLanguage":"fr-FR"},{"@type":"Organization","@id":"https:\/\/helvetdigital.ch\/fr\/#organization","name":"HELVETDIGITAL","url":"https:\/\/helvetdigital.ch\/fr\/","logo":{"@type":"ImageObject","inLanguage":"fr-FR","@id":"https:\/\/helvetdigital.ch\/fr\/#\/schema\/logo\/image\/","url":"https:\/\/helvetdigital.ch\/wp-content\/uploads\/2022\/03\/HD-LOGO-OEM-sans-fond-2.png","contentUrl":"https:\/\/helvetdigital.ch\/wp-content\/uploads\/2022\/03\/HD-LOGO-OEM-sans-fond-2.png","width":800,"height":721,"caption":"HELVETDIGITAL"},"image":{"@id":"https:\/\/helvetdigital.ch\/fr\/#\/schema\/logo\/image\/"},"sameAs":["https:\/\/www.facebook.com\/HELVETDIGITAL","https:\/\/www.instagram.com\/helvetdigital\/"]}]}},"_links":{"self":[{"href":"https:\/\/helvetdigital.ch\/fr\/wp-json\/wp\/v2\/pages\/5844","targetHints":{"allow":["GET"]}}],"collection":[{"href":"https:\/\/helvetdigital.ch\/fr\/wp-json\/wp\/v2\/pages"}],"about":[{"href":"https:\/\/helvetdigital.ch\/fr\/wp-json\/wp\/v2\/types\/page"}],"author":[{"embeddable":true,"href":"https:\/\/helvetdigital.ch\/fr\/wp-json\/wp\/v2\/users\/1"}],"replies":[{"embeddable":true,"href":"https:\/\/helvetdigital.ch\/fr\/wp-json\/wp\/v2\/comments?post=5844"}],"version-history":[{"count":77,"href":"https:\/\/helvetdigital.ch\/fr\/wp-json\/wp\/v2\/pages\/5844\/revisions"}],"predecessor-version":[{"id":8224,"href":"https:\/\/helvetdigital.ch\/fr\/wp-json\/wp\/v2\/pages\/5844\/revisions\/8224"}],"wp:attachment":[{"href":"https:\/\/helvetdigital.ch\/fr\/wp-json\/wp\/v2\/media?parent=5844"}],"curies":[{"name":"wp","href":"https:\/\/api.w.org\/{rel}","templated":true}]}}