{"id":7103,"date":"2019-10-30T15:41:02","date_gmt":"2019-10-30T14:41:02","guid":{"rendered":"https:\/\/helvetdigital.ch\/?page_id=7103"},"modified":"2024-03-04T22:51:05","modified_gmt":"2024-03-04T21:51:05","slug":"clause-de-non-responsabilite-disclaimer","status":"publish","type":"page","link":"https:\/\/helvetdigital.ch\/fr\/mentions-legales\/clause-de-non-responsabilite-disclaimer\/","title":{"rendered":"Clause de non-responsabilit\u00e9 (disclaimer)"},"content":{"rendered":"<section class=\"l-section wpb_row height_medium\"><div class=\"l-section-h i-cf\"><div class=\"g-cols vc_row via_flex valign_top type_default stacking_default\"><div class=\"vc_col-sm-12 wpb_column vc_column_container\"><div class=\"vc_column-inner\"><div class=\"wpb_wrapper\"><div class=\"wpb_text_column\"><div class=\"wpb_wrapper\"><h1 style=\"text-align: center;\">Clause de non-responsabilit\u00e9 (disclaimer)<\/h1>\n<\/div><\/div><div class=\"w-tabs style_default switch_click accordion has_scrolling\" style=\"--sections-title-size:inherit\"><div class=\"w-tabs-sections titles-align_none icon_chevron cpos_right\"><div class=\"w-tabs-section\" id=\"j13c\"><button class=\"w-tabs-section-header\" aria-controls=\"content-j13c\" aria-expanded=\"false\"><div class=\"w-tabs-section-title\">A &#8211; Aucune garantie quant \u00e0 l&rsquo;int\u00e9gralit\u00e9 et \u00e0 l&rsquo;exactitude<\/div><div class=\"w-tabs-section-control\"><\/div><\/button><div  class=\"w-tabs-section-content\" id=\"content-j13c\"><div class=\"w-tabs-section-content-h i-cf\"><div class=\"wpb_text_column\"><div class=\"wpb_wrapper\"><p>1 &#8211; Les informations publi\u00e9es sur les sites Internet sont exclusivement fournies par HelvetDigital pour un usage personnel et \u00e0 des fins informatives. Ces informations peuvent \u00eatre modifi\u00e9es \u00e0 tout moment sans avertissement pr\u00e9alable. HelvetDigital ne donne aucune garantie (explicite ou implicite) quant \u00e0 l&rsquo;exactitude, l&rsquo;int\u00e9gralit\u00e9 et l&rsquo;actualit\u00e9 des informations publi\u00e9es sur ses sites, m\u00eame si les pr\u00e9cautions requises ont \u00e9t\u00e9 observ\u00e9es lors de leur collecte depuis des sources consid\u00e9r\u00e9es comme fiables.<\/p>\n<\/div><\/div><\/div><\/div><\/div><div class=\"w-tabs-section\" id=\"m3fe\"><button class=\"w-tabs-section-header\" aria-controls=\"content-m3fe\" aria-expanded=\"false\"><div class=\"w-tabs-section-title\">B &#8211; Limitations de responsabilit\u00e9<\/div><div class=\"w-tabs-section-control\"><\/div><\/button><div  class=\"w-tabs-section-content\" id=\"content-m3fe\"><div class=\"w-tabs-section-content-h i-cf\"><div class=\"wpb_text_column\"><div class=\"wpb_wrapper\"><p>1 &#8211; HelvetDigital se d\u00e9charge de toute responsabilit\u00e9 pour les pertes ou dommages de toute nature \u2013 qu&rsquo;ils soient directement, indirectement ou cons\u00e9cutivement li\u00e9s \u2013 qui r\u00e9sultent de l&rsquo;utilisation ou de l&rsquo;acc\u00e8s aux sites Internet HelvetDigital ou de liens dirigeants vers des sites Internet tiers. HelvetDigital ne garantit pas le fonctionnement sans faille de toutes les parties de son site. De plus, HelvetDigital rejette toute responsabilit\u00e9 quant \u00e0 la manipulation d&rsquo;un syst\u00e8me informatique de l&rsquo;utilisateur d&rsquo;Internet par des tiers non autoris\u00e9s.<\/p>\n<p>2 &#8211; HelvetDigital attire express\u00e9ment l&rsquo;attention sur les risques de virus et des possibilit\u00e9s d&rsquo;attaques cibl\u00e9es de pirates informatiques. Pour lutter contre les virus, nous recommandons l&rsquo;utilisation des derni\u00e8res versions de navigateurs et de l&rsquo;installation de logiciels antivirus continuellement mis \u00e0 jour. L&rsquo;ouverture d&rsquo;e-mails provenant de sources inconnues et de pi\u00e8ces jointes inattendues contenues dans des e-mails doit en g\u00e9n\u00e9ral \u00eatre \u00e9vit\u00e9e.<\/p>\n<p>3 &#8211; Toute autre r\u00e9clamation du client, pour quelque motif juridique que ce soit, est exclue. HelvetDigital n&rsquo;est donc pas responsable des dommages qui ne se sont pas produits sur le produit livr\u00e9. Ceci s&rsquo;applique \u00e9galement \u00e0 la responsabilit\u00e9 personnelle des employ\u00e9s, des repr\u00e9sentants et des agents d&rsquo;ex\u00e9cution. L&rsquo;installation et l&rsquo;utilisation de pi\u00e8ces de rechange et d&rsquo;accessoires sont express\u00e9ment aux risques et p\u00e9rils du client. L&rsquo;installation de pi\u00e8ces de rechange et d&rsquo;accessoires peut endommager ou d\u00e9truire le produit du client (par exemple, son t\u00e9l\u00e9phone portable) et invalider la garantie du fabricant. HelvetDigital n&rsquo;est pas responsable de tels dommages, de leurs cons\u00e9quences directes ou indirectes, ni de la perte de garantie. En particulier, HelvetDigital n&rsquo;est pas responsable &#8211; du manque \u00e0 gagner ou des autres pertes financi\u00e8res du client,<\/p>\n<p>4 &#8211; HelvetDigital n&rsquo;a aucune influence si des articles sont retir\u00e9s du programme par leurs fournisseurs et ne sont donc plus disponibles ou si leur type, leur conception ou leur prix ont chang\u00e9. Si HelvetDigital propose un article de remplacement du fournisseur au m\u00eame prix, HelvetDigital en informera les clients. Une r\u00e9clamation en dommages-int\u00e9r\u00eats pour des articles qui ne sont plus disponibles ne peut \u00eatre invoqu\u00e9e contre nous. HelvetDigital se r\u00e9serve le droit de modifier les prix d&rsquo;articles individuels.<\/p>\n<p>5 &#8211; Les conditions g\u00e9n\u00e9rales (CG) font partie int\u00e9grante de l\u2019achat d\u2019un service de r\u00e9paration via cette plate-forme HelvetDigital. Le vendeur est HelvetDigital. Les conditions g\u00e9n\u00e9rales s&rsquo;appliquent \u00e0 tous nos contrats de vente, livraisons et services. En commandant des produits et services de notre assortiment, les conditions sont consid\u00e9r\u00e9es comme accept\u00e9es. Si une disposition de ces Termes et Conditions, pour quelque raison que ce soit, soit annul\u00e9e, la validit\u00e9 des dispositions restantes reste inchang\u00e9e. Tous les services et produits fournis par HelvetDigital pour le client sont fabriqu\u00e9s exclusivement sur la base des termes et conditions suivants. Les r\u00e8gles divergentes ne sont valables que si elles sont entre HelvetDigital.<\/p>\n<\/div><\/div><\/div><\/div><\/div><div class=\"w-tabs-section\" id=\"t70b\"><button class=\"w-tabs-section-header\" aria-controls=\"content-t70b\" aria-expanded=\"false\"><div class=\"w-tabs-section-title\">C &#8211; L&rsquo;utilisation des sites Internet HelvetDigital<\/div><div class=\"w-tabs-section-control\"><\/div><\/button><div  class=\"w-tabs-section-content\" id=\"content-t70b\"><div class=\"w-tabs-section-content-h i-cf\"><div class=\"wpb_text_column\"><div class=\"wpb_wrapper\"><p>1 &#8211; L&rsquo;ensemble du contenu (design, textes, graphiques&#8230;) des sites Internet HelvetDigital est prot\u00e9g\u00e9 par le droit d&rsquo;auteur. Les diff\u00e9rents \u00e9l\u00e9ments des sites Internet appartiennent exclusivement au g\u00e9rant des sites HelvetDigital. L&rsquo;enregistrement ou l&rsquo;impression de pes individuelles et\/ou de certaines parties des sites Internet HelvetDigital n&rsquo;est autoris\u00e9(e) qu&rsquo;avec indication de la source compl\u00e8te. En ce qui concerne l&rsquo;enregistrement ou toute autre copie de logiciels et de donn\u00e9es diverses sur les sites Internet HelvetDigital, les conventions d&rsquo;utilisation respectives sont accept\u00e9es. La totalit\u00e9 des droits de propri\u00e9t\u00e9 appartient \u00e0 HelvetDigital. La reproduction (totale ou partielle), la transmission (\u00e9lectronique ou par d&rsquo;autres moyens), la modification, la liaison ou l&rsquo;utilisation des sites Internet HelvetDigital est uniquement autoris\u00e9e avec le consentement explicite et \u00e9crit de HelvetDigital.<br \/>\nL&rsquo;utilisation d&rsquo;outils qui appellent, indexent et\/ou transmettent de mani\u00e8re syst\u00e9matique et automatis\u00e9e les contenus des sites Internet de HelvetDigital (p.ex. Spider, Crawler et autres outils automatis\u00e9s) est formellement interdite. HelvetDigital\u00a0se r\u00e9serve express\u00e9ment le droit d&rsquo;entreprendre une d\u00e9marche contre les responsables, notamment la demande de dommes et int\u00e9r\u00eats.<\/p>\n<p>2 &#8211; Tous les logos, images et graphiques \u00e9trangers affich\u00e9s sont la propri\u00e9t\u00e9 de leurs soci\u00e9t\u00e9s respectives et sont soumis au droit d&rsquo;auteur de leurs conc\u00e9dants de licence respectifs. Toutes les photos, logos, textes, rapports, scripts et routines de programmation pr\u00e9sent\u00e9s sur ces pages, qui sont nos propres d\u00e9veloppements ou ont \u00e9t\u00e9 pr\u00e9par\u00e9s par nous, ne peuvent \u00eatre copi\u00e9s ou utilis\u00e9s de quelque autre mani\u00e8re sans notre consentement. Tous droits r\u00e9serv\u00e9s.<\/p>\n<\/div><\/div><\/div><\/div><\/div><div class=\"w-tabs-section\" id=\"y9f7\"><button class=\"w-tabs-section-header\" aria-controls=\"content-y9f7\" aria-expanded=\"false\"><div class=\"w-tabs-section-title\">D &#8211; Sites Internet li\u00e9s (liens)<\/div><div class=\"w-tabs-section-control\"><\/div><\/button><div  class=\"w-tabs-section-content\" id=\"content-y9f7\"><div class=\"w-tabs-section-content-h i-cf\"><div class=\"wpb_text_column\"><div class=\"wpb_wrapper\"><p>1 &#8211; Certains liens pr\u00e9sents sur les sites Internet HelvetDigital redirigent vers des sites Internet tiers. HelvetDigital n&rsquo;a aucune influence sur le contenu de ces derniers. C&rsquo;est la raison pour laquelle HelvetDigital d\u00e9cline toute responsabilit\u00e9 sur l&rsquo;exactitude, l&rsquo;int\u00e9gralit\u00e9 et la l\u00e9galit\u00e9 du contenu de ces sites, ainsi que sur toute offre ou prestation de service propos\u00e9e sur ces sites.<\/p>\n<\/div><\/div><\/div><\/div><\/div><div class=\"w-tabs-section\" id=\"jd75\"><button class=\"w-tabs-section-header\" aria-controls=\"content-jd75\" aria-expanded=\"false\"><div class=\"w-tabs-section-title\">E &#8211; Competence<\/div><div class=\"w-tabs-section-control\"><\/div><\/button><div  class=\"w-tabs-section-content\" id=\"content-jd75\"><div class=\"w-tabs-section-content-h i-cf\"><div class=\"wpb_text_column\"><div class=\"wpb_wrapper\"><p>1 &#8211; Toutes les relations juridiques et tous les contrats sont soumis au droit suisse. La juridiction et le si\u00e8ge de l\u2019entreprise HelvetDigital correspondante. (voir Mentions l\u00e9gales &#8211; L&rsquo;entreprise)<\/p>\n<p>2 &#8211; R\u00e9serve de propri\u00e9t\u00e9<\/p>\n<p>3 &#8211; Les produits fournis par HelvetDigital demeurent la propri\u00e9t\u00e9 de HelvetDigital jusqu&rsquo;\u00e0 ce que HelvetDigital ait re\u00e7u le prix d&rsquo;achat int\u00e9gral et conform\u00e9ment au contrat et que les produits aient \u00e9t\u00e9 envoy\u00e9s au client.<\/p>\n<\/div><\/div><\/div><\/div><\/div><\/div><\/div><\/div><\/div><\/div><\/div><\/div><\/section>\n","protected":false},"excerpt":{"rendered":"Clause de non-responsabilit\u00e9 (disclaimer) A &#8211; Aucune garantie quant \u00e0 l&rsquo;int\u00e9gralit\u00e9 et \u00e0 l&rsquo;exactitude1 &#8211; Les informations publi\u00e9es sur les sites Internet sont exclusivement fournies par HelvetDigital pour un usage personnel et \u00e0 des fins informatives. Ces informations peuvent \u00eatre modifi\u00e9es \u00e0 tout moment sans avertissement pr\u00e9alable. HelvetDigital ne donne aucune garantie (explicite ou implicite)...","protected":false},"author":1,"featured_media":0,"parent":5844,"menu_order":0,"comment_status":"closed","ping_status":"closed","template":"","meta":{"footnotes":""},"class_list":["post-7103","page","type-page","status-publish","hentry"],"yoast_head":"<!-- This site is optimized with the Yoast SEO plugin v27.1.1 - https:\/\/yoast.com\/product\/yoast-seo-wordpress\/ -->\n<title>Clause de non-responsabilit\u00e9 (disclaimer) - HELVETDIGITAL<\/title>\n<meta name=\"robots\" content=\"noindex, nofollow\" \/>\n<meta property=\"og:locale\" content=\"fr_FR\" \/>\n<meta property=\"og:type\" content=\"article\" \/>\n<meta property=\"og:title\" content=\"Clause de non-responsabilit\u00e9 (disclaimer) - HELVETDIGITAL\" \/>\n<meta property=\"og:url\" content=\"https:\/\/helvetdigital.ch\/fr\/endorsements\/disclaimer\/\" \/>\n<meta property=\"og:site_name\" content=\"HELVETDIGITAL\" \/>\n<meta property=\"article:publisher\" content=\"https:\/\/www.facebook.com\/HELVETDIGITAL\" \/>\n<meta property=\"article:modified_time\" content=\"2024-03-04T21:51:05+00:00\" \/>\n<meta name=\"twitter:card\" content=\"summary_large_image\" \/>\n<meta name=\"twitter:label1\" content=\"Dur\u00e9e de lecture estim\u00e9e\" \/>\n\t<meta name=\"twitter:data1\" content=\"5 minutes\" \/>\n<script type=\"application\/ld+json\" class=\"yoast-schema-graph\">{\"@context\":\"https:\/\/schema.org\",\"@graph\":[{\"@type\":\"WebPage\",\"@id\":\"https:\/\/helvetdigital.ch\/en\/endorsements\/disclaimer\/\",\"url\":\"https:\/\/helvetdigital.ch\/en\/endorsements\/disclaimer\/\",\"name\":\"Clause de non-responsabilit\u00e9 (disclaimer) - HELVETDIGITAL\",\"isPartOf\":{\"@id\":\"https:\/\/helvetdigital.ch\/fr\/#website\"},\"datePublished\":\"2019-10-30T14:41:02+00:00\",\"dateModified\":\"2024-03-04T21:51:05+00:00\",\"breadcrumb\":{\"@id\":\"https:\/\/helvetdigital.ch\/en\/endorsements\/disclaimer\/#breadcrumb\"},\"inLanguage\":\"fr-FR\",\"potentialAction\":[{\"@type\":\"ReadAction\",\"target\":[\"https:\/\/helvetdigital.ch\/en\/endorsements\/disclaimer\/\"]}]},{\"@type\":\"BreadcrumbList\",\"@id\":\"https:\/\/helvetdigital.ch\/en\/endorsements\/disclaimer\/#breadcrumb\",\"itemListElement\":[{\"@type\":\"ListItem\",\"position\":1,\"name\":\"Accueil\",\"item\":\"https:\/\/helvetdigital.ch\/\"},{\"@type\":\"ListItem\",\"position\":2,\"name\":\"Mentions l\u00e9gales\",\"item\":\"https:\/\/helvetdigital.ch\/en\/endorsements\/\"},{\"@type\":\"ListItem\",\"position\":3,\"name\":\"Clause de non-responsabilit\u00e9 (disclaimer)\"}]},{\"@type\":\"WebSite\",\"@id\":\"https:\/\/helvetdigital.ch\/fr\/#website\",\"url\":\"https:\/\/helvetdigital.ch\/fr\/\",\"name\":\"HELVETDIGITAL\",\"description\":\"Une image claire de l&#039;avenir\",\"publisher\":{\"@id\":\"https:\/\/helvetdigital.ch\/fr\/#organization\"},\"potentialAction\":[{\"@type\":\"SearchAction\",\"target\":{\"@type\":\"EntryPoint\",\"urlTemplate\":\"https:\/\/helvetdigital.ch\/fr\/?s={search_term_string}\"},\"query-input\":{\"@type\":\"PropertyValueSpecification\",\"valueRequired\":true,\"valueName\":\"search_term_string\"}}],\"inLanguage\":\"fr-FR\"},{\"@type\":\"Organization\",\"@id\":\"https:\/\/helvetdigital.ch\/fr\/#organization\",\"name\":\"HELVETDIGITAL\",\"url\":\"https:\/\/helvetdigital.ch\/fr\/\",\"logo\":{\"@type\":\"ImageObject\",\"inLanguage\":\"fr-FR\",\"@id\":\"https:\/\/helvetdigital.ch\/fr\/#\/schema\/logo\/image\/\",\"url\":\"https:\/\/helvetdigital.ch\/wp-content\/uploads\/2022\/03\/HD-LOGO-OEM-sans-fond-2.png\",\"contentUrl\":\"https:\/\/helvetdigital.ch\/wp-content\/uploads\/2022\/03\/HD-LOGO-OEM-sans-fond-2.png\",\"width\":800,\"height\":721,\"caption\":\"HELVETDIGITAL\"},\"image\":{\"@id\":\"https:\/\/helvetdigital.ch\/fr\/#\/schema\/logo\/image\/\"},\"sameAs\":[\"https:\/\/www.facebook.com\/HELVETDIGITAL\",\"https:\/\/www.instagram.com\/helvetdigital\/\"]}]}<\/script>\n<!-- \/ Yoast SEO plugin. -->","yoast_head_json":{"title":"Clause de non-responsabilit\u00e9 (disclaimer) - HELVETDIGITAL","robots":{"index":"noindex","follow":"nofollow"},"og_locale":"fr_FR","og_type":"article","og_title":"Clause de non-responsabilit\u00e9 (disclaimer) - HELVETDIGITAL","og_url":"https:\/\/helvetdigital.ch\/fr\/endorsements\/disclaimer\/","og_site_name":"HELVETDIGITAL","article_publisher":"https:\/\/www.facebook.com\/HELVETDIGITAL","article_modified_time":"2024-03-04T21:51:05+00:00","twitter_card":"summary_large_image","twitter_misc":{"Dur\u00e9e de lecture estim\u00e9e":"5 minutes"},"schema":{"@context":"https:\/\/schema.org","@graph":[{"@type":"WebPage","@id":"https:\/\/helvetdigital.ch\/en\/endorsements\/disclaimer\/","url":"https:\/\/helvetdigital.ch\/en\/endorsements\/disclaimer\/","name":"Clause de non-responsabilit\u00e9 (disclaimer) - HELVETDIGITAL","isPartOf":{"@id":"https:\/\/helvetdigital.ch\/fr\/#website"},"datePublished":"2019-10-30T14:41:02+00:00","dateModified":"2024-03-04T21:51:05+00:00","breadcrumb":{"@id":"https:\/\/helvetdigital.ch\/en\/endorsements\/disclaimer\/#breadcrumb"},"inLanguage":"fr-FR","potentialAction":[{"@type":"ReadAction","target":["https:\/\/helvetdigital.ch\/en\/endorsements\/disclaimer\/"]}]},{"@type":"BreadcrumbList","@id":"https:\/\/helvetdigital.ch\/en\/endorsements\/disclaimer\/#breadcrumb","itemListElement":[{"@type":"ListItem","position":1,"name":"Accueil","item":"https:\/\/helvetdigital.ch\/"},{"@type":"ListItem","position":2,"name":"Mentions l\u00e9gales","item":"https:\/\/helvetdigital.ch\/en\/endorsements\/"},{"@type":"ListItem","position":3,"name":"Clause de non-responsabilit\u00e9 (disclaimer)"}]},{"@type":"WebSite","@id":"https:\/\/helvetdigital.ch\/fr\/#website","url":"https:\/\/helvetdigital.ch\/fr\/","name":"HELVETDIGITAL","description":"Une image claire de l&#039;avenir","publisher":{"@id":"https:\/\/helvetdigital.ch\/fr\/#organization"},"potentialAction":[{"@type":"SearchAction","target":{"@type":"EntryPoint","urlTemplate":"https:\/\/helvetdigital.ch\/fr\/?s={search_term_string}"},"query-input":{"@type":"PropertyValueSpecification","valueRequired":true,"valueName":"search_term_string"}}],"inLanguage":"fr-FR"},{"@type":"Organization","@id":"https:\/\/helvetdigital.ch\/fr\/#organization","name":"HELVETDIGITAL","url":"https:\/\/helvetdigital.ch\/fr\/","logo":{"@type":"ImageObject","inLanguage":"fr-FR","@id":"https:\/\/helvetdigital.ch\/fr\/#\/schema\/logo\/image\/","url":"https:\/\/helvetdigital.ch\/wp-content\/uploads\/2022\/03\/HD-LOGO-OEM-sans-fond-2.png","contentUrl":"https:\/\/helvetdigital.ch\/wp-content\/uploads\/2022\/03\/HD-LOGO-OEM-sans-fond-2.png","width":800,"height":721,"caption":"HELVETDIGITAL"},"image":{"@id":"https:\/\/helvetdigital.ch\/fr\/#\/schema\/logo\/image\/"},"sameAs":["https:\/\/www.facebook.com\/HELVETDIGITAL","https:\/\/www.instagram.com\/helvetdigital\/"]}]}},"_links":{"self":[{"href":"https:\/\/helvetdigital.ch\/fr\/wp-json\/wp\/v2\/pages\/7103","targetHints":{"allow":["GET"]}}],"collection":[{"href":"https:\/\/helvetdigital.ch\/fr\/wp-json\/wp\/v2\/pages"}],"about":[{"href":"https:\/\/helvetdigital.ch\/fr\/wp-json\/wp\/v2\/types\/page"}],"author":[{"embeddable":true,"href":"https:\/\/helvetdigital.ch\/fr\/wp-json\/wp\/v2\/users\/1"}],"replies":[{"embeddable":true,"href":"https:\/\/helvetdigital.ch\/fr\/wp-json\/wp\/v2\/comments?post=7103"}],"version-history":[{"count":13,"href":"https:\/\/helvetdigital.ch\/fr\/wp-json\/wp\/v2\/pages\/7103\/revisions"}],"predecessor-version":[{"id":7329,"href":"https:\/\/helvetdigital.ch\/fr\/wp-json\/wp\/v2\/pages\/7103\/revisions\/7329"}],"up":[{"embeddable":true,"href":"https:\/\/helvetdigital.ch\/fr\/wp-json\/wp\/v2\/pages\/5844"}],"wp:attachment":[{"href":"https:\/\/helvetdigital.ch\/fr\/wp-json\/wp\/v2\/media?parent=7103"}],"curies":[{"name":"wp","href":"https:\/\/api.w.org\/{rel}","templated":true}]}}