{"id":7110,"date":"2019-10-30T15:56:57","date_gmt":"2019-10-30T14:56:57","guid":{"rendered":"https:\/\/helvetdigital.ch\/?page_id=7110"},"modified":"2023-06-18T23:36:29","modified_gmt":"2023-06-18T21:36:29","slug":"conditions-juridiques","status":"publish","type":"page","link":"https:\/\/helvetdigital.ch\/fr\/mentions-legales\/conditions-juridiques\/","title":{"rendered":"Conditions juridiques"},"content":{"rendered":"<section class=\"l-section wpb_row height_medium\"><div class=\"l-section-h i-cf\"><div class=\"g-cols vc_row via_flex valign_top type_default stacking_default\"><div class=\"vc_col-sm-12 wpb_column vc_column_container\"><div class=\"vc_column-inner\"><div class=\"wpb_wrapper\"><div class=\"wpb_text_column\"><div class=\"wpb_wrapper\"><h1 style=\"text-align: center;\">Fraude &#8211; Tromperie &#8211; Escroquerie<\/h1>\n<\/div><\/div><div class=\"w-tabs style_default switch_click accordion has_scrolling\" style=\"--sections-title-size:inherit\"><div class=\"w-tabs-sections titles-align_none icon_chevron cpos_right\"><div class=\"w-tabs-section\" id=\"hf55\"><button class=\"w-tabs-section-header\" aria-controls=\"content-hf55\" aria-expanded=\"false\"><div class=\"w-tabs-section-title\">A &#8211; Mensonge et sous-entendu<\/div><div class=\"w-tabs-section-control\"><\/div><\/button><div  class=\"w-tabs-section-content\" id=\"content-hf55\"><div class=\"w-tabs-section-content-h i-cf\"><div class=\"wpb_text_column\"><div class=\"wpb_wrapper\"><p><span id=\"p268\">1 &#8211;\u00a0<span id=\"270\">Au<\/span>\u00a0cas o\u00f9 le client venait \u00e0 mentir\u00a0pour ses int\u00e9r\u00eats personnels ou impersonnels d&rsquo;une quelconque mani\u00e8re \u00e0 un\/des collaborateurs de l&rsquo;entreprise HelvetDigital qui peuvent faire perdre des valeurs morales ou financi\u00e8res \u00e0 l&rsquo;entreprise, Si apr\u00e8s une enqu\u00eate interne est \u00e9mise selon les conditions mis en vigueur par la soci\u00e9t\u00e9 HelvetDigital appartenant au groupe de la HelvetCompany.<\/span><span id=\"p269\">\u00a0Si des preuves mat\u00e9rielles ou immat\u00e9rielles peuvent \u00eatre fournies, le client peut s&rsquo;exposer \u00e0 de lourdes cons\u00e9quences suivies d&rsquo;une proc\u00e9dure p\u00e9nale qui seront transmit aux autorit\u00e9s comp\u00e9tentes.<\/span><span id=\"p259\">\u00a0 \u00a0<\/span><\/p>\n<p><span id=\"p340\">2 &#8211;\u00a0<span id=\"344\">Tout<\/span> sous-entendu ou r\u00e9clamations de la part du client d&rsquo;une prestation ou l\u2019existence d&rsquo;une garantie dont nous n&rsquo;avons jamais cit\u00e9 d&rsquo;une quelconque mani\u00e8re sans preuve valable sont totalement exclus.<\/span><span id=\"p341\"> Les seules conditions valables se trouvent sur la plateforme des mentions l\u00e9gales qui peut \u00eatre consult\u00e9es \u00e0 l&rsquo;adresse suivante : <a href=\"https:\/\/helvetdigital.ch\/mentions-legales\/\">https:\/\/helvetdigital.ch\/mentions-legales\/<\/a>.<\/span><\/p>\n<\/div><\/div><\/div><\/div><\/div><\/div><\/div><\/div><\/div><\/div><\/div><\/div><\/section><section class=\"l-section wpb_row height_medium\"><div class=\"l-section-h i-cf\"><div class=\"g-cols vc_row via_flex valign_top type_default stacking_default\"><div class=\"vc_col-sm-12 wpb_column vc_column_container\"><div class=\"vc_column-inner\"><div class=\"wpb_wrapper\"><div class=\"wpb_text_column\"><div class=\"wpb_wrapper\"><h1 style=\"text-align: center;\">Vol<\/h1>\n<\/div><\/div><\/div><\/div><\/div><\/div><\/div><\/section>\n","protected":false},"excerpt":{"rendered":"Fraude &#8211; Tromperie &#8211; Escroquerie A &#8211; Mensonge et sous-entendu1 &#8211;\u00a0Au\u00a0cas o\u00f9 le client venait \u00e0 mentir\u00a0pour ses int\u00e9r\u00eats personnels ou impersonnels d&rsquo;une quelconque mani\u00e8re \u00e0 un\/des collaborateurs de l&rsquo;entreprise HelvetDigital qui peuvent faire perdre des valeurs morales ou financi\u00e8res \u00e0 l&rsquo;entreprise, Si apr\u00e8s une enqu\u00eate interne est \u00e9mise selon les conditions mis en vigueur...","protected":false},"author":1,"featured_media":0,"parent":5844,"menu_order":0,"comment_status":"closed","ping_status":"closed","template":"","meta":{"footnotes":""},"class_list":["post-7110","page","type-page","status-publish","hentry"],"yoast_head":"<!-- This site is optimized with the Yoast SEO plugin v27.1.1 - https:\/\/yoast.com\/product\/yoast-seo-wordpress\/ -->\n<title>Conditions juridiques - HELVETDIGITAL<\/title>\n<meta name=\"robots\" content=\"noindex, follow\" \/>\n<meta property=\"og:locale\" content=\"fr_FR\" \/>\n<meta property=\"og:type\" content=\"article\" \/>\n<meta property=\"og:title\" content=\"Conditions juridiques - HELVETDIGITAL\" \/>\n<meta property=\"og:url\" content=\"https:\/\/helvetdigital.ch\/fr\/endorsements\/legal-conditions\/\" \/>\n<meta property=\"og:site_name\" content=\"HELVETDIGITAL\" \/>\n<meta property=\"article:publisher\" content=\"https:\/\/www.facebook.com\/HELVETDIGITAL\" \/>\n<meta property=\"article:modified_time\" content=\"2023-06-18T21:36:29+00:00\" \/>\n<meta name=\"twitter:card\" content=\"summary_large_image\" \/>\n<meta name=\"twitter:label1\" content=\"Dur\u00e9e de lecture estim\u00e9e\" \/>\n\t<meta name=\"twitter:data1\" content=\"10 minutes\" \/>\n<script type=\"application\/ld+json\" class=\"yoast-schema-graph\">{\"@context\":\"https:\/\/schema.org\",\"@graph\":[{\"@type\":\"WebPage\",\"@id\":\"https:\/\/helvetdigital.ch\/en\/endorsements\/legal-conditions\/\",\"url\":\"https:\/\/helvetdigital.ch\/en\/endorsements\/legal-conditions\/\",\"name\":\"Conditions juridiques - HELVETDIGITAL\",\"isPartOf\":{\"@id\":\"https:\/\/helvetdigital.ch\/fr\/#website\"},\"datePublished\":\"2019-10-30T14:56:57+00:00\",\"dateModified\":\"2023-06-18T21:36:29+00:00\",\"breadcrumb\":{\"@id\":\"https:\/\/helvetdigital.ch\/en\/endorsements\/legal-conditions\/#breadcrumb\"},\"inLanguage\":\"fr-FR\",\"potentialAction\":[{\"@type\":\"ReadAction\",\"target\":[\"https:\/\/helvetdigital.ch\/en\/endorsements\/legal-conditions\/\"]}]},{\"@type\":\"BreadcrumbList\",\"@id\":\"https:\/\/helvetdigital.ch\/en\/endorsements\/legal-conditions\/#breadcrumb\",\"itemListElement\":[{\"@type\":\"ListItem\",\"position\":1,\"name\":\"Accueil\",\"item\":\"https:\/\/helvetdigital.ch\/\"},{\"@type\":\"ListItem\",\"position\":2,\"name\":\"Mentions l\u00e9gales\",\"item\":\"https:\/\/helvetdigital.ch\/en\/endorsements\/\"},{\"@type\":\"ListItem\",\"position\":3,\"name\":\"Conditions juridiques\"}]},{\"@type\":\"WebSite\",\"@id\":\"https:\/\/helvetdigital.ch\/fr\/#website\",\"url\":\"https:\/\/helvetdigital.ch\/fr\/\",\"name\":\"HELVETDIGITAL\",\"description\":\"Une image claire de l&#039;avenir\",\"publisher\":{\"@id\":\"https:\/\/helvetdigital.ch\/fr\/#organization\"},\"potentialAction\":[{\"@type\":\"SearchAction\",\"target\":{\"@type\":\"EntryPoint\",\"urlTemplate\":\"https:\/\/helvetdigital.ch\/fr\/?s={search_term_string}\"},\"query-input\":{\"@type\":\"PropertyValueSpecification\",\"valueRequired\":true,\"valueName\":\"search_term_string\"}}],\"inLanguage\":\"fr-FR\"},{\"@type\":\"Organization\",\"@id\":\"https:\/\/helvetdigital.ch\/fr\/#organization\",\"name\":\"HELVETDIGITAL\",\"url\":\"https:\/\/helvetdigital.ch\/fr\/\",\"logo\":{\"@type\":\"ImageObject\",\"inLanguage\":\"fr-FR\",\"@id\":\"https:\/\/helvetdigital.ch\/fr\/#\/schema\/logo\/image\/\",\"url\":\"https:\/\/helvetdigital.ch\/wp-content\/uploads\/2022\/03\/HD-LOGO-OEM-sans-fond-2.png\",\"contentUrl\":\"https:\/\/helvetdigital.ch\/wp-content\/uploads\/2022\/03\/HD-LOGO-OEM-sans-fond-2.png\",\"width\":800,\"height\":721,\"caption\":\"HELVETDIGITAL\"},\"image\":{\"@id\":\"https:\/\/helvetdigital.ch\/fr\/#\/schema\/logo\/image\/\"},\"sameAs\":[\"https:\/\/www.facebook.com\/HELVETDIGITAL\",\"https:\/\/www.instagram.com\/helvetdigital\/\"]}]}<\/script>\n<!-- \/ Yoast SEO plugin. -->","yoast_head_json":{"title":"Conditions juridiques - HELVETDIGITAL","robots":{"index":"noindex","follow":"follow"},"og_locale":"fr_FR","og_type":"article","og_title":"Conditions juridiques - HELVETDIGITAL","og_url":"https:\/\/helvetdigital.ch\/fr\/endorsements\/legal-conditions\/","og_site_name":"HELVETDIGITAL","article_publisher":"https:\/\/www.facebook.com\/HELVETDIGITAL","article_modified_time":"2023-06-18T21:36:29+00:00","twitter_card":"summary_large_image","twitter_misc":{"Dur\u00e9e de lecture estim\u00e9e":"10 minutes"},"schema":{"@context":"https:\/\/schema.org","@graph":[{"@type":"WebPage","@id":"https:\/\/helvetdigital.ch\/en\/endorsements\/legal-conditions\/","url":"https:\/\/helvetdigital.ch\/en\/endorsements\/legal-conditions\/","name":"Conditions juridiques - HELVETDIGITAL","isPartOf":{"@id":"https:\/\/helvetdigital.ch\/fr\/#website"},"datePublished":"2019-10-30T14:56:57+00:00","dateModified":"2023-06-18T21:36:29+00:00","breadcrumb":{"@id":"https:\/\/helvetdigital.ch\/en\/endorsements\/legal-conditions\/#breadcrumb"},"inLanguage":"fr-FR","potentialAction":[{"@type":"ReadAction","target":["https:\/\/helvetdigital.ch\/en\/endorsements\/legal-conditions\/"]}]},{"@type":"BreadcrumbList","@id":"https:\/\/helvetdigital.ch\/en\/endorsements\/legal-conditions\/#breadcrumb","itemListElement":[{"@type":"ListItem","position":1,"name":"Accueil","item":"https:\/\/helvetdigital.ch\/"},{"@type":"ListItem","position":2,"name":"Mentions l\u00e9gales","item":"https:\/\/helvetdigital.ch\/en\/endorsements\/"},{"@type":"ListItem","position":3,"name":"Conditions juridiques"}]},{"@type":"WebSite","@id":"https:\/\/helvetdigital.ch\/fr\/#website","url":"https:\/\/helvetdigital.ch\/fr\/","name":"HELVETDIGITAL","description":"Une image claire de l&#039;avenir","publisher":{"@id":"https:\/\/helvetdigital.ch\/fr\/#organization"},"potentialAction":[{"@type":"SearchAction","target":{"@type":"EntryPoint","urlTemplate":"https:\/\/helvetdigital.ch\/fr\/?s={search_term_string}"},"query-input":{"@type":"PropertyValueSpecification","valueRequired":true,"valueName":"search_term_string"}}],"inLanguage":"fr-FR"},{"@type":"Organization","@id":"https:\/\/helvetdigital.ch\/fr\/#organization","name":"HELVETDIGITAL","url":"https:\/\/helvetdigital.ch\/fr\/","logo":{"@type":"ImageObject","inLanguage":"fr-FR","@id":"https:\/\/helvetdigital.ch\/fr\/#\/schema\/logo\/image\/","url":"https:\/\/helvetdigital.ch\/wp-content\/uploads\/2022\/03\/HD-LOGO-OEM-sans-fond-2.png","contentUrl":"https:\/\/helvetdigital.ch\/wp-content\/uploads\/2022\/03\/HD-LOGO-OEM-sans-fond-2.png","width":800,"height":721,"caption":"HELVETDIGITAL"},"image":{"@id":"https:\/\/helvetdigital.ch\/fr\/#\/schema\/logo\/image\/"},"sameAs":["https:\/\/www.facebook.com\/HELVETDIGITAL","https:\/\/www.instagram.com\/helvetdigital\/"]}]}},"_links":{"self":[{"href":"https:\/\/helvetdigital.ch\/fr\/wp-json\/wp\/v2\/pages\/7110","targetHints":{"allow":["GET"]}}],"collection":[{"href":"https:\/\/helvetdigital.ch\/fr\/wp-json\/wp\/v2\/pages"}],"about":[{"href":"https:\/\/helvetdigital.ch\/fr\/wp-json\/wp\/v2\/types\/page"}],"author":[{"embeddable":true,"href":"https:\/\/helvetdigital.ch\/fr\/wp-json\/wp\/v2\/users\/1"}],"replies":[{"embeddable":true,"href":"https:\/\/helvetdigital.ch\/fr\/wp-json\/wp\/v2\/comments?post=7110"}],"version-history":[{"count":13,"href":"https:\/\/helvetdigital.ch\/fr\/wp-json\/wp\/v2\/pages\/7110\/revisions"}],"predecessor-version":[{"id":7313,"href":"https:\/\/helvetdigital.ch\/fr\/wp-json\/wp\/v2\/pages\/7110\/revisions\/7313"}],"up":[{"embeddable":true,"href":"https:\/\/helvetdigital.ch\/fr\/wp-json\/wp\/v2\/pages\/5844"}],"wp:attachment":[{"href":"https:\/\/helvetdigital.ch\/fr\/wp-json\/wp\/v2\/media?parent=7110"}],"curies":[{"name":"wp","href":"https:\/\/api.w.org\/{rel}","templated":true}]}}